{"id":113,"date":"2024-08-01T15:30:48","date_gmt":"2024-08-01T13:30:48","guid":{"rendered":"https:\/\/sam-bat.fr\/?page_id=113"},"modified":"2024-08-02T09:55:16","modified_gmt":"2024-08-02T07:55:16","slug":"alarme-et-camera-de-surveillance","status":"publish","type":"page","link":"https:\/\/sam-bat.fr\/?page_id=113","title":{"rendered":"Alarme et cam\u00e9ra de surveillance"},"content":{"rendered":"\n<p>Chez Sam-Bat, nous proposons des solutions compl\u00e8tes pour s\u00e9curiser votre domicile ou entreprise gr\u00e2ce \u00e0 des syst\u00e8mes d\u2019alarme et de cam\u00e9ra de surveillance de haute qualit\u00e9. Nos services incluent :<\/p>\n\n\n\n<h4 class=\"wp-block-heading\">Syst\u00e8mes d\u2019Alarme<\/h4>\n\n\n\n<ul class=\"wp-block-list\">\n<li><strong>Installation et Maintenance :<\/strong> Pose et entretien de syst\u00e8mes d\u2019alarme pour une protection 24\/7.<\/li>\n\n\n\n<li><strong>D\u00e9tection d\u2019Intrusion :<\/strong> Syst\u00e8mes avanc\u00e9s pour d\u00e9tecter toute tentative d\u2019intrusion.<\/li>\n<\/ul>\n\n\n\n<h4 class=\"wp-block-heading\">Cam\u00e9ras de Surveillance<\/h4>\n\n\n\n<ul class=\"wp-block-list\">\n<li><strong>Surveillance Vid\u00e9o :<\/strong> Installation de cam\u00e9ras de surveillance pour un contr\u00f4le visuel en temps r\u00e9el.<\/li>\n\n\n\n<li><strong>Acc\u00e8s \u00e0 Distance :<\/strong> Surveillance de votre propri\u00e9t\u00e9 via smartphone ou ordinateur.<\/li>\n<\/ul>\n\n\n\n<p><strong>Pourquoi Choisir Sam-Bat ?<\/strong><\/p>\n\n\n\n<ul class=\"wp-block-list\">\n<li><strong>Technologie Avanc\u00e9e :<\/strong> Utilisation des derni\u00e8res innovations en mati\u00e8re de s\u00e9curit\u00e9.<\/li>\n\n\n\n<li><strong>Qualit\u00e9 et Fiabilit\u00e9 :<\/strong> Produits performants et durables pour une protection optimale.<\/li>\n\n\n\n<li><strong>Support Professionnel :<\/strong> Assistance continue pour l\u2019installation et la maintenance.<\/li>\n<\/ul>\n\n\n\n<p>Pour s\u00e9curiser votre propri\u00e9t\u00e9 avec des syst\u00e8mes d&rsquo;alarme et de surveillance, contactez-nous d\u00e8s aujourd&rsquo;hui.<\/p>\n","protected":false},"excerpt":{"rendered":"<p>Chez Sam-Bat, nous proposons des solutions compl\u00e8tes pour s\u00e9curiser votre domicile ou entreprise gr\u00e2ce \u00e0 des syst\u00e8mes d\u2019alarme et de cam\u00e9ra de surveillance de haute qualit\u00e9. Nos services incluent : Syst\u00e8mes d\u2019Alarme Cam\u00e9ras de Surveillance Pourquoi Choisir Sam-Bat ? Pour s\u00e9curiser votre propri\u00e9t\u00e9 avec des syst\u00e8mes d&rsquo;alarme et de surveillance, contactez-nous d\u00e8s aujourd&rsquo;hui.<\/p>\n","protected":false},"author":1,"featured_media":0,"parent":0,"menu_order":0,"comment_status":"closed","ping_status":"closed","template":"","meta":{"footnotes":""},"class_list":["post-113","page","type-page","status-publish","hentry"],"yoast_head":"<!-- This site is optimized with the Yoast SEO plugin v27.4 - https:\/\/yoast.com\/product\/yoast-seo-wordpress\/ -->\n<title>Alarme et cam\u00e9ra de surveillance - Entreprise G\u00e9n\u00e9rale du B\u00e2timent<\/title>\n<meta name=\"description\" content=\"S\u00e9curisez votre domicile ou entreprise avec les syst\u00e8mes d\u2019alarme et de cam\u00e9ra de surveillance de Sam-Bat. Installation, maintenance et acc\u00e8s \u00e0 distance pour une protection optimale.\" \/>\n<meta name=\"robots\" content=\"index, follow, max-snippet:-1, max-image-preview:large, max-video-preview:-1\" \/>\n<link rel=\"canonical\" href=\"https:\/\/sam-bat.fr\/?page_id=113\" \/>\n<meta property=\"og:locale\" content=\"fr_FR\" \/>\n<meta property=\"og:type\" content=\"article\" \/>\n<meta property=\"og:title\" content=\"Alarme et cam\u00e9ra de surveillance - Entreprise G\u00e9n\u00e9rale du B\u00e2timent\" \/>\n<meta property=\"og:description\" content=\"S\u00e9curisez votre domicile ou entreprise avec les syst\u00e8mes d\u2019alarme et de cam\u00e9ra de surveillance de Sam-Bat. Installation, maintenance et acc\u00e8s \u00e0 distance pour une protection optimale.\" \/>\n<meta property=\"og:url\" content=\"https:\/\/sam-bat.fr\/?page_id=113\" \/>\n<meta property=\"og:site_name\" content=\"Entreprise G\u00e9n\u00e9rale du B\u00e2timent\" \/>\n<meta property=\"article:modified_time\" content=\"2024-08-02T07:55:16+00:00\" \/>\n<meta name=\"twitter:card\" content=\"summary_large_image\" \/>\n<meta name=\"twitter:label1\" content=\"Dur\u00e9e de lecture estim\u00e9e\" \/>\n\t<meta name=\"twitter:data1\" content=\"1 minute\" \/>\n<script type=\"application\/ld+json\" class=\"yoast-schema-graph\">{\"@context\":\"https:\\\/\\\/schema.org\",\"@graph\":[{\"@type\":\"WebPage\",\"@id\":\"https:\\\/\\\/sam-bat.fr\\\/?page_id=113\",\"url\":\"https:\\\/\\\/sam-bat.fr\\\/?page_id=113\",\"name\":\"Alarme et cam\u00e9ra de surveillance - Entreprise G\u00e9n\u00e9rale du B\u00e2timent\",\"isPartOf\":{\"@id\":\"https:\\\/\\\/sam-bat.fr\\\/#website\"},\"datePublished\":\"2024-08-01T13:30:48+00:00\",\"dateModified\":\"2024-08-02T07:55:16+00:00\",\"description\":\"S\u00e9curisez votre domicile ou entreprise avec les syst\u00e8mes d\u2019alarme et de cam\u00e9ra de surveillance de Sam-Bat. Installation, maintenance et acc\u00e8s \u00e0 distance pour une protection optimale.\",\"breadcrumb\":{\"@id\":\"https:\\\/\\\/sam-bat.fr\\\/?page_id=113#breadcrumb\"},\"inLanguage\":\"fr-FR\",\"potentialAction\":[{\"@type\":\"ReadAction\",\"target\":[\"https:\\\/\\\/sam-bat.fr\\\/?page_id=113\"]}]},{\"@type\":\"BreadcrumbList\",\"@id\":\"https:\\\/\\\/sam-bat.fr\\\/?page_id=113#breadcrumb\",\"itemListElement\":[{\"@type\":\"ListItem\",\"position\":1,\"name\":\"Accueil\",\"item\":\"https:\\\/\\\/sam-bat.fr\\\/\"},{\"@type\":\"ListItem\",\"position\":2,\"name\":\"Alarme et cam\u00e9ra de surveillance\"}]},{\"@type\":\"WebSite\",\"@id\":\"https:\\\/\\\/sam-bat.fr\\\/#website\",\"url\":\"https:\\\/\\\/sam-bat.fr\\\/\",\"name\":\"Entreprise G\u00e9n\u00e9rale du B\u00e2timent\",\"description\":\"\",\"publisher\":{\"@id\":\"https:\\\/\\\/sam-bat.fr\\\/#organization\"},\"potentialAction\":[{\"@type\":\"SearchAction\",\"target\":{\"@type\":\"EntryPoint\",\"urlTemplate\":\"https:\\\/\\\/sam-bat.fr\\\/?s={search_term_string}\"},\"query-input\":{\"@type\":\"PropertyValueSpecification\",\"valueRequired\":true,\"valueName\":\"search_term_string\"}}],\"inLanguage\":\"fr-FR\"},{\"@type\":\"Organization\",\"@id\":\"https:\\\/\\\/sam-bat.fr\\\/#organization\",\"name\":\"Entreprise G\u00e9n\u00e9rale du B\u00e2timent\",\"url\":\"https:\\\/\\\/sam-bat.fr\\\/\",\"logo\":{\"@type\":\"ImageObject\",\"inLanguage\":\"fr-FR\",\"@id\":\"https:\\\/\\\/sam-bat.fr\\\/#\\\/schema\\\/logo\\\/image\\\/\",\"url\":\"https:\\\/\\\/sam-bat.fr\\\/wp-content\\\/uploads\\\/2024\\\/06\\\/logo_sam_bat_500.png\",\"contentUrl\":\"https:\\\/\\\/sam-bat.fr\\\/wp-content\\\/uploads\\\/2024\\\/06\\\/logo_sam_bat_500.png\",\"width\":500,\"height\":159,\"caption\":\"Entreprise G\u00e9n\u00e9rale du B\u00e2timent\"},\"image\":{\"@id\":\"https:\\\/\\\/sam-bat.fr\\\/#\\\/schema\\\/logo\\\/image\\\/\"}}]}<\/script>\n<!-- \/ Yoast SEO plugin. -->","yoast_head_json":{"title":"Alarme et cam\u00e9ra de surveillance - Entreprise G\u00e9n\u00e9rale du B\u00e2timent","description":"S\u00e9curisez votre domicile ou entreprise avec les syst\u00e8mes d\u2019alarme et de cam\u00e9ra de surveillance de Sam-Bat. Installation, maintenance et acc\u00e8s \u00e0 distance pour une protection optimale.","robots":{"index":"index","follow":"follow","max-snippet":"max-snippet:-1","max-image-preview":"max-image-preview:large","max-video-preview":"max-video-preview:-1"},"canonical":"https:\/\/sam-bat.fr\/?page_id=113","og_locale":"fr_FR","og_type":"article","og_title":"Alarme et cam\u00e9ra de surveillance - Entreprise G\u00e9n\u00e9rale du B\u00e2timent","og_description":"S\u00e9curisez votre domicile ou entreprise avec les syst\u00e8mes d\u2019alarme et de cam\u00e9ra de surveillance de Sam-Bat. Installation, maintenance et acc\u00e8s \u00e0 distance pour une protection optimale.","og_url":"https:\/\/sam-bat.fr\/?page_id=113","og_site_name":"Entreprise G\u00e9n\u00e9rale du B\u00e2timent","article_modified_time":"2024-08-02T07:55:16+00:00","twitter_card":"summary_large_image","twitter_misc":{"Dur\u00e9e de lecture estim\u00e9e":"1 minute"},"schema":{"@context":"https:\/\/schema.org","@graph":[{"@type":"WebPage","@id":"https:\/\/sam-bat.fr\/?page_id=113","url":"https:\/\/sam-bat.fr\/?page_id=113","name":"Alarme et cam\u00e9ra de surveillance - Entreprise G\u00e9n\u00e9rale du B\u00e2timent","isPartOf":{"@id":"https:\/\/sam-bat.fr\/#website"},"datePublished":"2024-08-01T13:30:48+00:00","dateModified":"2024-08-02T07:55:16+00:00","description":"S\u00e9curisez votre domicile ou entreprise avec les syst\u00e8mes d\u2019alarme et de cam\u00e9ra de surveillance de Sam-Bat. Installation, maintenance et acc\u00e8s \u00e0 distance pour une protection optimale.","breadcrumb":{"@id":"https:\/\/sam-bat.fr\/?page_id=113#breadcrumb"},"inLanguage":"fr-FR","potentialAction":[{"@type":"ReadAction","target":["https:\/\/sam-bat.fr\/?page_id=113"]}]},{"@type":"BreadcrumbList","@id":"https:\/\/sam-bat.fr\/?page_id=113#breadcrumb","itemListElement":[{"@type":"ListItem","position":1,"name":"Accueil","item":"https:\/\/sam-bat.fr\/"},{"@type":"ListItem","position":2,"name":"Alarme et cam\u00e9ra de surveillance"}]},{"@type":"WebSite","@id":"https:\/\/sam-bat.fr\/#website","url":"https:\/\/sam-bat.fr\/","name":"Entreprise G\u00e9n\u00e9rale du B\u00e2timent","description":"","publisher":{"@id":"https:\/\/sam-bat.fr\/#organization"},"potentialAction":[{"@type":"SearchAction","target":{"@type":"EntryPoint","urlTemplate":"https:\/\/sam-bat.fr\/?s={search_term_string}"},"query-input":{"@type":"PropertyValueSpecification","valueRequired":true,"valueName":"search_term_string"}}],"inLanguage":"fr-FR"},{"@type":"Organization","@id":"https:\/\/sam-bat.fr\/#organization","name":"Entreprise G\u00e9n\u00e9rale du B\u00e2timent","url":"https:\/\/sam-bat.fr\/","logo":{"@type":"ImageObject","inLanguage":"fr-FR","@id":"https:\/\/sam-bat.fr\/#\/schema\/logo\/image\/","url":"https:\/\/sam-bat.fr\/wp-content\/uploads\/2024\/06\/logo_sam_bat_500.png","contentUrl":"https:\/\/sam-bat.fr\/wp-content\/uploads\/2024\/06\/logo_sam_bat_500.png","width":500,"height":159,"caption":"Entreprise G\u00e9n\u00e9rale du B\u00e2timent"},"image":{"@id":"https:\/\/sam-bat.fr\/#\/schema\/logo\/image\/"}}]}},"_links":{"self":[{"href":"https:\/\/sam-bat.fr\/index.php?rest_route=\/wp\/v2\/pages\/113","targetHints":{"allow":["GET"]}}],"collection":[{"href":"https:\/\/sam-bat.fr\/index.php?rest_route=\/wp\/v2\/pages"}],"about":[{"href":"https:\/\/sam-bat.fr\/index.php?rest_route=\/wp\/v2\/types\/page"}],"author":[{"embeddable":true,"href":"https:\/\/sam-bat.fr\/index.php?rest_route=\/wp\/v2\/users\/1"}],"replies":[{"embeddable":true,"href":"https:\/\/sam-bat.fr\/index.php?rest_route=%2Fwp%2Fv2%2Fcomments&post=113"}],"version-history":[{"count":2,"href":"https:\/\/sam-bat.fr\/index.php?rest_route=\/wp\/v2\/pages\/113\/revisions"}],"predecessor-version":[{"id":225,"href":"https:\/\/sam-bat.fr\/index.php?rest_route=\/wp\/v2\/pages\/113\/revisions\/225"}],"wp:attachment":[{"href":"https:\/\/sam-bat.fr\/index.php?rest_route=%2Fwp%2Fv2%2Fmedia&parent=113"}],"curies":[{"name":"wp","href":"https:\/\/api.w.org\/{rel}","templated":true}]}}