{"id":117,"date":"2024-08-01T15:31:35","date_gmt":"2024-08-01T13:31:35","guid":{"rendered":"https:\/\/sam-bat.fr\/?page_id=117"},"modified":"2024-11-24T12:29:23","modified_gmt":"2024-11-24T11:29:23","slug":"devis","status":"publish","type":"page","link":"https:\/\/sam-bat.fr\/?page_id=117","title":{"rendered":"Devis"},"content":{"rendered":"\n<p>Chez Sam-Bat, nous simplifions la demande de devis pour vos projets. Pour obtenir une estimation gratuite et personnalis\u00e9e, veuillez renseigner ce formulaire ou nous \u00e9crire <a href=\"mailto:contact@sam-bat.fr?Subject=Demande de devis\">contact@sam-bat.fr<\/a> , nous vous r\u00e9pondrons dans les plus bref d\u00e9lais. <strong>Le devis est gratuit.<\/strong><\/p>\n\n\n\n<p>Pr\u00e9cisez dans votre mail toutes les informations pertinentes pour votre devis:<\/p>\n\n\n\n<ol class=\"wp-block-list\"><\/ol>\n\n\n\n<p class=\"has-vivid-cyan-blue-color has-text-color has-link-color wp-elements-cf326c422fdf2a392fe3c3ab4418c8ae\">Nom, pr\u00e9nom, e.mail, n\u00b0 de t\u00e9l\u00e9phone, votre projet et votre code postal, ainsi que toutes autres informations n\u00e9cessaire pour r\u00e9aliser le devis.<\/p>\n\n\n\n<p>Nous sommes impatients de collaborer avec vous pour concr\u00e9tiser vos projets. N&rsquo;attendez plus, demandez votre devis d\u00e8s aujourd&rsquo;hui !<\/p>\n\n\n\n<pre class=\"wp-block-preformatted\">\n<div class=\"wpcf7 no-js\" id=\"wpcf7-f321-o1\" lang=\"fr-FR\" dir=\"ltr\" data-wpcf7-id=\"321\">\n<div class=\"screen-reader-response\"><p role=\"status\" aria-live=\"polite\" aria-atomic=\"true\"><\/p> <ul><\/ul><\/div>\n<form action=\"\/index.php?rest_route=%2Fwp%2Fv2%2Fpages%2F117#wpcf7-f321-o1\" method=\"post\" class=\"wpcf7-form init\" aria-label=\"Formulaire de contact\" novalidate=\"novalidate\" data-status=\"init\">\n<fieldset class=\"hidden-fields-container\"><input type=\"hidden\" name=\"_wpcf7\" value=\"321\" \/><input type=\"hidden\" name=\"_wpcf7_version\" value=\"6.1.5\" \/><input type=\"hidden\" name=\"_wpcf7_locale\" value=\"fr_FR\" \/><input type=\"hidden\" name=\"_wpcf7_unit_tag\" value=\"wpcf7-f321-o1\" \/><input type=\"hidden\" name=\"_wpcf7_container_post\" value=\"0\" \/><input type=\"hidden\" name=\"_wpcf7_posted_data_hash\" value=\"\" \/>\n<\/fieldset>\n<p>Formulaire pour une demande de devis :\n<\/p>\n<p><label>Nom: <span class=\"wpcf7-form-control-wrap\" data-name=\"your-name\"><input size=\"40\" maxlength=\"400\" class=\"wpcf7-form-control wpcf7-text wpcf7-validates-as-required\" autocomplete=\"name\" aria-required=\"true\" aria-invalid=\"false\" value=\"\" type=\"text\" name=\"your-name\" \/><\/span><\/label><br \/>\n<label>E-mail <span class=\"wpcf7-form-control-wrap\" data-name=\"your-email\"><input size=\"40\" maxlength=\"400\" class=\"wpcf7-form-control wpcf7-email wpcf7-validates-as-required wpcf7-text wpcf7-validates-as-email\" autocomplete=\"email\" aria-required=\"true\" aria-invalid=\"false\" value=\"\" type=\"email\" name=\"your-email\" \/><\/span> <\/label><br \/>\n<label>N\u00b0 t\u00e9l\u00e9phone <span class=\"wpcf7-form-control-wrap\" data-name=\"tel_devis_contact\"><input size=\"40\" maxlength=\"14\" class=\"wpcf7-form-control wpcf7-tel wpcf7-text wpcf7-validates-as-tel\" aria-invalid=\"false\" placeholder=\"06.05.04.03.02\" value=\"\" type=\"tel\" name=\"tel_devis_contact\" \/><\/span><\/label><br \/>\n<label>Code postal du chantier <span class=\"wpcf7-form-control-wrap\" data-name=\"code_postal\"><input size=\"40\" maxlength=\"5\" class=\"wpcf7-form-control wpcf7-text\" aria-invalid=\"false\" placeholder=\"75999\" value=\"\" type=\"text\" name=\"code_postal\" \/><\/span><\/label>\n<\/p>\n<p><label>D\u00e9crivez votre projet ainsi que toutes autres informations qui vous semblent n\u00e9cessaires pour r\u00e9aliser le devis<br \/>\n<span class=\"wpcf7-form-control-wrap\" data-name=\"your-message\"><textarea cols=\"40\" rows=\"10\" maxlength=\"2000\" class=\"wpcf7-form-control wpcf7-textarea\" aria-invalid=\"false\" name=\"your-message\"><\/textarea><\/span> <\/label>\n<\/p>\n<p><input class=\"wpcf7-form-control wpcf7-submit has-spinner\" type=\"submit\" value=\"Envoyer\" \/>\n<\/p>\n<p>Merci nous vous r\u00e9pondre dans les plus brefs d\u00e9lais.\n<\/p><div class=\"wpcf7-response-output\" aria-hidden=\"true\"><\/div>\n<\/form>\n<\/div>\n<br><\/pre>\n","protected":false},"excerpt":{"rendered":"<p>Chez Sam-Bat, nous simplifions la demande de devis pour vos projets. Pour obtenir une estimation gratuite et personnalis\u00e9e, veuillez renseigner ce formulaire ou nous \u00e9crire contact@sam-bat.fr , nous vous r\u00e9pondrons dans les plus bref d\u00e9lais. Le devis est gratuit. Pr\u00e9cisez dans votre mail toutes les informations pertinentes pour votre devis: Nom, pr\u00e9nom, e.mail, n\u00b0 de [&hellip;]<\/p>\n","protected":false},"author":1,"featured_media":0,"parent":0,"menu_order":0,"comment_status":"closed","ping_status":"closed","template":"","meta":{"footnotes":""},"class_list":["post-117","page","type-page","status-publish","hentry"],"yoast_head":"<!-- This site is optimized with the Yoast SEO plugin v27.5 - https:\/\/yoast.com\/product\/yoast-seo-wordpress\/ -->\n<title>Devis - Entreprise G\u00e9n\u00e9rale du B\u00e2timent<\/title>\n<meta name=\"description\" content=\"Obtenez un devis gratuit pour vos projets avec Sam-Bat. Remplissez notre formulaire en ligne pour une estimation personnalis\u00e9e. Simple, rapide et sans engagement.\" \/>\n<meta name=\"robots\" content=\"index, follow, max-snippet:-1, max-image-preview:large, max-video-preview:-1\" \/>\n<link rel=\"canonical\" href=\"https:\/\/sam-bat.fr\/?page_id=117\" \/>\n<meta property=\"og:locale\" content=\"fr_FR\" \/>\n<meta property=\"og:type\" content=\"article\" \/>\n<meta property=\"og:title\" content=\"Devis - Entreprise G\u00e9n\u00e9rale du B\u00e2timent\" \/>\n<meta property=\"og:description\" content=\"Obtenez un devis gratuit pour vos projets avec Sam-Bat. Remplissez notre formulaire en ligne pour une estimation personnalis\u00e9e. Simple, rapide et sans engagement.\" \/>\n<meta property=\"og:url\" content=\"https:\/\/sam-bat.fr\/?page_id=117\" \/>\n<meta property=\"og:site_name\" content=\"Entreprise G\u00e9n\u00e9rale du B\u00e2timent\" \/>\n<meta property=\"article:modified_time\" content=\"2024-11-24T11:29:23+00:00\" \/>\n<meta name=\"twitter:card\" content=\"summary_large_image\" \/>\n<meta name=\"twitter:label1\" content=\"Dur\u00e9e de lecture estim\u00e9e\" \/>\n\t<meta name=\"twitter:data1\" content=\"1 minute\" \/>\n<script type=\"application\/ld+json\" class=\"yoast-schema-graph\">{\"@context\":\"https:\\\/\\\/schema.org\",\"@graph\":[{\"@type\":\"WebPage\",\"@id\":\"https:\\\/\\\/sam-bat.fr\\\/?page_id=117\",\"url\":\"https:\\\/\\\/sam-bat.fr\\\/?page_id=117\",\"name\":\"Devis - Entreprise G\u00e9n\u00e9rale du B\u00e2timent\",\"isPartOf\":{\"@id\":\"https:\\\/\\\/sam-bat.fr\\\/#website\"},\"datePublished\":\"2024-08-01T13:31:35+00:00\",\"dateModified\":\"2024-11-24T11:29:23+00:00\",\"description\":\"Obtenez un devis gratuit pour vos projets avec Sam-Bat. Remplissez notre formulaire en ligne pour une estimation personnalis\u00e9e. Simple, rapide et sans engagement.\",\"breadcrumb\":{\"@id\":\"https:\\\/\\\/sam-bat.fr\\\/?page_id=117#breadcrumb\"},\"inLanguage\":\"fr-FR\",\"potentialAction\":[{\"@type\":\"ReadAction\",\"target\":[\"https:\\\/\\\/sam-bat.fr\\\/?page_id=117\"]}]},{\"@type\":\"BreadcrumbList\",\"@id\":\"https:\\\/\\\/sam-bat.fr\\\/?page_id=117#breadcrumb\",\"itemListElement\":[{\"@type\":\"ListItem\",\"position\":1,\"name\":\"Accueil\",\"item\":\"https:\\\/\\\/sam-bat.fr\\\/\"},{\"@type\":\"ListItem\",\"position\":2,\"name\":\"Devis\"}]},{\"@type\":\"WebSite\",\"@id\":\"https:\\\/\\\/sam-bat.fr\\\/#website\",\"url\":\"https:\\\/\\\/sam-bat.fr\\\/\",\"name\":\"Entreprise G\u00e9n\u00e9rale du B\u00e2timent\",\"description\":\"\",\"publisher\":{\"@id\":\"https:\\\/\\\/sam-bat.fr\\\/#organization\"},\"potentialAction\":[{\"@type\":\"SearchAction\",\"target\":{\"@type\":\"EntryPoint\",\"urlTemplate\":\"https:\\\/\\\/sam-bat.fr\\\/?s={search_term_string}\"},\"query-input\":{\"@type\":\"PropertyValueSpecification\",\"valueRequired\":true,\"valueName\":\"search_term_string\"}}],\"inLanguage\":\"fr-FR\"},{\"@type\":\"Organization\",\"@id\":\"https:\\\/\\\/sam-bat.fr\\\/#organization\",\"name\":\"Entreprise G\u00e9n\u00e9rale du B\u00e2timent\",\"url\":\"https:\\\/\\\/sam-bat.fr\\\/\",\"logo\":{\"@type\":\"ImageObject\",\"inLanguage\":\"fr-FR\",\"@id\":\"https:\\\/\\\/sam-bat.fr\\\/#\\\/schema\\\/logo\\\/image\\\/\",\"url\":\"https:\\\/\\\/sam-bat.fr\\\/wp-content\\\/uploads\\\/2024\\\/06\\\/logo_sam_bat_500.png\",\"contentUrl\":\"https:\\\/\\\/sam-bat.fr\\\/wp-content\\\/uploads\\\/2024\\\/06\\\/logo_sam_bat_500.png\",\"width\":500,\"height\":159,\"caption\":\"Entreprise G\u00e9n\u00e9rale du B\u00e2timent\"},\"image\":{\"@id\":\"https:\\\/\\\/sam-bat.fr\\\/#\\\/schema\\\/logo\\\/image\\\/\"}}]}<\/script>\n<!-- \/ Yoast SEO plugin. -->","yoast_head_json":{"title":"Devis - Entreprise G\u00e9n\u00e9rale du B\u00e2timent","description":"Obtenez un devis gratuit pour vos projets avec Sam-Bat. Remplissez notre formulaire en ligne pour une estimation personnalis\u00e9e. Simple, rapide et sans engagement.","robots":{"index":"index","follow":"follow","max-snippet":"max-snippet:-1","max-image-preview":"max-image-preview:large","max-video-preview":"max-video-preview:-1"},"canonical":"https:\/\/sam-bat.fr\/?page_id=117","og_locale":"fr_FR","og_type":"article","og_title":"Devis - Entreprise G\u00e9n\u00e9rale du B\u00e2timent","og_description":"Obtenez un devis gratuit pour vos projets avec Sam-Bat. Remplissez notre formulaire en ligne pour une estimation personnalis\u00e9e. Simple, rapide et sans engagement.","og_url":"https:\/\/sam-bat.fr\/?page_id=117","og_site_name":"Entreprise G\u00e9n\u00e9rale du B\u00e2timent","article_modified_time":"2024-11-24T11:29:23+00:00","twitter_card":"summary_large_image","twitter_misc":{"Dur\u00e9e de lecture estim\u00e9e":"1 minute"},"schema":{"@context":"https:\/\/schema.org","@graph":[{"@type":"WebPage","@id":"https:\/\/sam-bat.fr\/?page_id=117","url":"https:\/\/sam-bat.fr\/?page_id=117","name":"Devis - Entreprise G\u00e9n\u00e9rale du B\u00e2timent","isPartOf":{"@id":"https:\/\/sam-bat.fr\/#website"},"datePublished":"2024-08-01T13:31:35+00:00","dateModified":"2024-11-24T11:29:23+00:00","description":"Obtenez un devis gratuit pour vos projets avec Sam-Bat. Remplissez notre formulaire en ligne pour une estimation personnalis\u00e9e. Simple, rapide et sans engagement.","breadcrumb":{"@id":"https:\/\/sam-bat.fr\/?page_id=117#breadcrumb"},"inLanguage":"fr-FR","potentialAction":[{"@type":"ReadAction","target":["https:\/\/sam-bat.fr\/?page_id=117"]}]},{"@type":"BreadcrumbList","@id":"https:\/\/sam-bat.fr\/?page_id=117#breadcrumb","itemListElement":[{"@type":"ListItem","position":1,"name":"Accueil","item":"https:\/\/sam-bat.fr\/"},{"@type":"ListItem","position":2,"name":"Devis"}]},{"@type":"WebSite","@id":"https:\/\/sam-bat.fr\/#website","url":"https:\/\/sam-bat.fr\/","name":"Entreprise G\u00e9n\u00e9rale du B\u00e2timent","description":"","publisher":{"@id":"https:\/\/sam-bat.fr\/#organization"},"potentialAction":[{"@type":"SearchAction","target":{"@type":"EntryPoint","urlTemplate":"https:\/\/sam-bat.fr\/?s={search_term_string}"},"query-input":{"@type":"PropertyValueSpecification","valueRequired":true,"valueName":"search_term_string"}}],"inLanguage":"fr-FR"},{"@type":"Organization","@id":"https:\/\/sam-bat.fr\/#organization","name":"Entreprise G\u00e9n\u00e9rale du B\u00e2timent","url":"https:\/\/sam-bat.fr\/","logo":{"@type":"ImageObject","inLanguage":"fr-FR","@id":"https:\/\/sam-bat.fr\/#\/schema\/logo\/image\/","url":"https:\/\/sam-bat.fr\/wp-content\/uploads\/2024\/06\/logo_sam_bat_500.png","contentUrl":"https:\/\/sam-bat.fr\/wp-content\/uploads\/2024\/06\/logo_sam_bat_500.png","width":500,"height":159,"caption":"Entreprise G\u00e9n\u00e9rale du B\u00e2timent"},"image":{"@id":"https:\/\/sam-bat.fr\/#\/schema\/logo\/image\/"}}]}},"_links":{"self":[{"href":"https:\/\/sam-bat.fr\/index.php?rest_route=\/wp\/v2\/pages\/117","targetHints":{"allow":["GET"]}}],"collection":[{"href":"https:\/\/sam-bat.fr\/index.php?rest_route=\/wp\/v2\/pages"}],"about":[{"href":"https:\/\/sam-bat.fr\/index.php?rest_route=\/wp\/v2\/types\/page"}],"author":[{"embeddable":true,"href":"https:\/\/sam-bat.fr\/index.php?rest_route=\/wp\/v2\/users\/1"}],"replies":[{"embeddable":true,"href":"https:\/\/sam-bat.fr\/index.php?rest_route=%2Fwp%2Fv2%2Fcomments&post=117"}],"version-history":[{"count":8,"href":"https:\/\/sam-bat.fr\/index.php?rest_route=\/wp\/v2\/pages\/117\/revisions"}],"predecessor-version":[{"id":328,"href":"https:\/\/sam-bat.fr\/index.php?rest_route=\/wp\/v2\/pages\/117\/revisions\/328"}],"wp:attachment":[{"href":"https:\/\/sam-bat.fr\/index.php?rest_route=%2Fwp%2Fv2%2Fmedia&parent=117"}],"curies":[{"name":"wp","href":"https:\/\/api.w.org\/{rel}","templated":true}]}}