{"id":181,"date":"2024-08-01T15:46:30","date_gmt":"2024-08-01T13:46:30","guid":{"rendered":"https:\/\/sam-bat.fr\/?page_id=181"},"modified":"2024-08-02T11:13:02","modified_gmt":"2024-08-02T09:13:02","slug":"services","status":"publish","type":"page","link":"https:\/\/sam-bat.fr\/?page_id=181","title":{"rendered":"Services"},"content":{"rendered":"<ul class=\"wp-block-page-list\"><li class=\"wp-block-pages-list__item\"><a class=\"wp-block-pages-list__item__link\" href=\"https:\/\/sam-bat.fr\/?page_id=2\">A propos<\/a><\/li><li class=\"wp-block-pages-list__item\"><a class=\"wp-block-pages-list__item__link\" href=\"https:\/\/sam-bat.fr\/?page_id=113\">Alarme et cam\u00e9ra de surveillance<\/a><\/li><li class=\"wp-block-pages-list__item\"><a class=\"wp-block-pages-list__item__link\" href=\"https:\/\/sam-bat.fr\/?page_id=143\">Am\u00e9nagement Int\u00e9rieur<\/a><\/li><li class=\"wp-block-pages-list__item\"><a class=\"wp-block-pages-list__item__link\" href=\"https:\/\/sam-bat.fr\/?page_id=99\">Ballon d&rsquo;eau chaude<\/a><\/li><li class=\"wp-block-pages-list__item\"><a class=\"wp-block-pages-list__item__link\" href=\"https:\/\/sam-bat.fr\/?page_id=203\">Carrelage<\/a><\/li><li class=\"wp-block-pages-list__item\"><a class=\"wp-block-pages-list__item__link\" href=\"https:\/\/sam-bat.fr\/?page_id=190\">Contact<\/a><\/li><li class=\"wp-block-pages-list__item\"><a class=\"wp-block-pages-list__item__link\" href=\"https:\/\/sam-bat.fr\/?page_id=107\">Contr\u00f4le d&rsquo;acc\u00e8s<\/a><\/li><li class=\"wp-block-pages-list__item\"><a class=\"wp-block-pages-list__item__link\" href=\"https:\/\/sam-bat.fr\/?page_id=105\">Courant fort \/ faible<\/a><\/li><li class=\"wp-block-pages-list__item\"><a class=\"wp-block-pages-list__item__link\" href=\"https:\/\/sam-bat.fr\/?page_id=93\">Cuisine<\/a><\/li><li class=\"wp-block-pages-list__item\"><a class=\"wp-block-pages-list__item__link\" href=\"https:\/\/sam-bat.fr\/?page_id=60\">D\u00e9pannage 24H\/24 &#8211; 7J\/7<\/a><\/li><li class=\"wp-block-pages-list__item\"><a class=\"wp-block-pages-list__item__link\" href=\"https:\/\/sam-bat.fr\/?page_id=117\">Devis<\/a><\/li><li class=\"wp-block-pages-list__item\"><a class=\"wp-block-pages-list__item__link\" href=\"https:\/\/sam-bat.fr\/?page_id=109\">Domotique<\/a><\/li><li class=\"wp-block-pages-list__item\"><a class=\"wp-block-pages-list__item__link\" href=\"https:\/\/sam-bat.fr\/?page_id=28\">\u00c9lectricit\u00e9<\/a><\/li><li class=\"wp-block-pages-list__item\"><a class=\"wp-block-pages-list__item__link\" href=\"https:\/\/sam-bat.fr\/?page_id=316\">\u00c9valuations de Sam-Bat<\/a><\/li><li class=\"wp-block-pages-list__item\"><a class=\"wp-block-pages-list__item__link\" href=\"https:\/\/sam-bat.fr\/?page_id=135\">Installation de Cuisine<\/a><\/li><li class=\"wp-block-pages-list__item\"><a class=\"wp-block-pages-list__item__link\" href=\"https:\/\/sam-bat.fr\/?page_id=121\">Installation \u00e9lectrique<\/a><\/li><li class=\"wp-block-pages-list__item\"><a class=\"wp-block-pages-list__item__link\" href=\"https:\/\/sam-bat.fr\/?page_id=128\">Installation et R\u00e9paration<\/a><\/li><li class=\"wp-block-pages-list__item\"><a class=\"wp-block-pages-list__item__link\" href=\"https:\/\/sam-bat.fr\/?page_id=71\">Isolation<\/a><\/li><li class=\"wp-block-pages-list__item\"><a class=\"wp-block-pages-list__item__link\" href=\"https:\/\/sam-bat.fr\/?page_id=194\">Luminaire<\/a><\/li><li class=\"wp-block-pages-list__item\"><a class=\"wp-block-pages-list__item__link\" href=\"https:\/\/sam-bat.fr\/?page_id=63\">Ma\u00e7onnerie<\/a><\/li><li class=\"wp-block-pages-list__item\"><a class=\"wp-block-pages-list__item__link\" href=\"https:\/\/sam-bat.fr\/?page_id=187\">Ma\u00e7onnerie et Isolation<\/a><\/li><li class=\"wp-block-pages-list__item\"><a class=\"wp-block-pages-list__item__link\" href=\"https:\/\/sam-bat.fr\/?page_id=69\">Menuiserie<\/a><\/li><li class=\"wp-block-pages-list__item\"><a class=\"wp-block-pages-list__item__link\" href=\"https:\/\/sam-bat.fr\/?page_id=111\">Motorisation<\/a><\/li><li class=\"wp-block-pages-list__item\"><a class=\"wp-block-pages-list__item__link\" href=\"https:\/\/sam-bat.fr\/?page_id=119\">Outillage pro<\/a><\/li><li class=\"wp-block-pages-list__item\"><a class=\"wp-block-pages-list__item__link\" href=\"https:\/\/sam-bat.fr\/?page_id=101\">Paroi et Porte de douche<\/a><\/li><li class=\"wp-block-pages-list__item\"><a class=\"wp-block-pages-list__item__link\" href=\"https:\/\/sam-bat.fr\/?page_id=67\">Parquet<\/a><\/li><li class=\"wp-block-pages-list__item\"><a class=\"wp-block-pages-list__item__link\" href=\"https:\/\/sam-bat.fr\/?page_id=65\">Peinture<\/a><\/li><li class=\"wp-block-pages-list__item\"><a class=\"wp-block-pages-list__item__link\" href=\"https:\/\/sam-bat.fr\/?page_id=91\">Placo-platre<\/a><\/li><li class=\"wp-block-pages-list__item\"><a class=\"wp-block-pages-list__item__link\" href=\"https:\/\/sam-bat.fr\/?page_id=34\">Plomberie<\/a><\/li><li class=\"wp-block-pages-list__item\"><a class=\"wp-block-pages-list__item__link\" href=\"https:\/\/sam-bat.fr\/?page_id=97\">Radiateurs<\/a><\/li><li class=\"wp-block-pages-list__item\"><a class=\"wp-block-pages-list__item__link\" href=\"https:\/\/sam-bat.fr\/?page_id=103\">Remise aux normes \u00e9lectriques<\/a><\/li><li class=\"wp-block-pages-list__item\"><a class=\"wp-block-pages-list__item__link\" href=\"https:\/\/sam-bat.fr\/?page_id=33\">R\u00e9novation<\/a><\/li><li class=\"wp-block-pages-list__item\"><a class=\"wp-block-pages-list__item__link\" href=\"https:\/\/sam-bat.fr\/?page_id=131\">R\u00e9novation Compl\u00e8te<\/a><\/li><li class=\"wp-block-pages-list__item\"><a class=\"wp-block-pages-list__item__link\" href=\"https:\/\/sam-bat.fr\/?page_id=137\">R\u00e9novation de Cuisine<\/a><\/li><li class=\"wp-block-pages-list__item\"><a class=\"wp-block-pages-list__item__link\" href=\"https:\/\/sam-bat.fr\/?page_id=133\">R\u00e9novation Partielle<\/a><\/li><li class=\"wp-block-pages-list__item\"><a class=\"wp-block-pages-list__item__link\" href=\"https:\/\/sam-bat.fr\/?page_id=141\">R\u00e9novation Salle de Bain<\/a><\/li><li class=\"wp-block-pages-list__item\"><a class=\"wp-block-pages-list__item__link\" href=\"https:\/\/sam-bat.fr\/?page_id=115\">R\u00e9seau RJ45<\/a><\/li><li class=\"wp-block-pages-list__item\"><a class=\"wp-block-pages-list__item__link\" href=\"https:\/\/sam-bat.fr\/?page_id=95\">Salle de bain<\/a><\/li><li class=\"wp-block-pages-list__item\"><a class=\"wp-block-pages-list__item__link\" href=\"https:\/\/sam-bat.fr\/?page_id=139\">Sanitaires<\/a><\/li><li class=\"wp-block-pages-list__item\"><a class=\"wp-block-pages-list__item__link\" href=\"https:\/\/sam-bat.fr\/?page_id=184\">S\u00e9curit\u00e9 et Acc\u00e8s<\/a><\/li><li class=\"wp-block-pages-list__item\"><a class=\"wp-block-pages-list__item__link\" href=\"https:\/\/sam-bat.fr\/?page_id=181\">Services<\/a><\/li><li class=\"wp-block-pages-list__item\"><a class=\"wp-block-pages-list__item__link\" href=\"https:\/\/sam-bat.fr\/?page_id=88\">Vitrerie<\/a><\/li><\/ul>","protected":false},"excerpt":{"rendered":"","protected":false},"author":1,"featured_media":0,"parent":0,"menu_order":0,"comment_status":"closed","ping_status":"closed","template":"","meta":{"footnotes":""},"class_list":["post-181","page","type-page","status-publish","hentry"],"yoast_head":"<!-- This site is optimized with the Yoast SEO plugin v27.4 - https:\/\/yoast.com\/product\/yoast-seo-wordpress\/ -->\n<title>Services - Entreprise G\u00e9n\u00e9rale du B\u00e2timent<\/title>\n<meta name=\"robots\" content=\"index, follow, max-snippet:-1, max-image-preview:large, max-video-preview:-1\" \/>\n<link rel=\"canonical\" href=\"https:\/\/sam-bat.fr\/?page_id=181\" \/>\n<meta property=\"og:locale\" content=\"fr_FR\" \/>\n<meta property=\"og:type\" content=\"article\" \/>\n<meta property=\"og:title\" content=\"Services - Entreprise G\u00e9n\u00e9rale du B\u00e2timent\" \/>\n<meta property=\"og:url\" content=\"https:\/\/sam-bat.fr\/?page_id=181\" \/>\n<meta property=\"og:site_name\" content=\"Entreprise G\u00e9n\u00e9rale du B\u00e2timent\" \/>\n<meta property=\"article:modified_time\" content=\"2024-08-02T09:13:02+00:00\" \/>\n<meta name=\"twitter:card\" content=\"summary_large_image\" \/>\n<script type=\"application\/ld+json\" class=\"yoast-schema-graph\">{\"@context\":\"https:\\\/\\\/schema.org\",\"@graph\":[{\"@type\":\"WebPage\",\"@id\":\"https:\\\/\\\/sam-bat.fr\\\/?page_id=181\",\"url\":\"https:\\\/\\\/sam-bat.fr\\\/?page_id=181\",\"name\":\"Services - Entreprise G\u00e9n\u00e9rale du B\u00e2timent\",\"isPartOf\":{\"@id\":\"https:\\\/\\\/sam-bat.fr\\\/#website\"},\"datePublished\":\"2024-08-01T13:46:30+00:00\",\"dateModified\":\"2024-08-02T09:13:02+00:00\",\"breadcrumb\":{\"@id\":\"https:\\\/\\\/sam-bat.fr\\\/?page_id=181#breadcrumb\"},\"inLanguage\":\"fr-FR\",\"potentialAction\":[{\"@type\":\"ReadAction\",\"target\":[\"https:\\\/\\\/sam-bat.fr\\\/?page_id=181\"]}]},{\"@type\":\"BreadcrumbList\",\"@id\":\"https:\\\/\\\/sam-bat.fr\\\/?page_id=181#breadcrumb\",\"itemListElement\":[{\"@type\":\"ListItem\",\"position\":1,\"name\":\"Accueil\",\"item\":\"https:\\\/\\\/sam-bat.fr\\\/\"},{\"@type\":\"ListItem\",\"position\":2,\"name\":\"Services\"}]},{\"@type\":\"WebSite\",\"@id\":\"https:\\\/\\\/sam-bat.fr\\\/#website\",\"url\":\"https:\\\/\\\/sam-bat.fr\\\/\",\"name\":\"Entreprise G\u00e9n\u00e9rale du B\u00e2timent\",\"description\":\"\",\"publisher\":{\"@id\":\"https:\\\/\\\/sam-bat.fr\\\/#organization\"},\"potentialAction\":[{\"@type\":\"SearchAction\",\"target\":{\"@type\":\"EntryPoint\",\"urlTemplate\":\"https:\\\/\\\/sam-bat.fr\\\/?s={search_term_string}\"},\"query-input\":{\"@type\":\"PropertyValueSpecification\",\"valueRequired\":true,\"valueName\":\"search_term_string\"}}],\"inLanguage\":\"fr-FR\"},{\"@type\":\"Organization\",\"@id\":\"https:\\\/\\\/sam-bat.fr\\\/#organization\",\"name\":\"Entreprise G\u00e9n\u00e9rale du B\u00e2timent\",\"url\":\"https:\\\/\\\/sam-bat.fr\\\/\",\"logo\":{\"@type\":\"ImageObject\",\"inLanguage\":\"fr-FR\",\"@id\":\"https:\\\/\\\/sam-bat.fr\\\/#\\\/schema\\\/logo\\\/image\\\/\",\"url\":\"https:\\\/\\\/sam-bat.fr\\\/wp-content\\\/uploads\\\/2024\\\/06\\\/logo_sam_bat_500.png\",\"contentUrl\":\"https:\\\/\\\/sam-bat.fr\\\/wp-content\\\/uploads\\\/2024\\\/06\\\/logo_sam_bat_500.png\",\"width\":500,\"height\":159,\"caption\":\"Entreprise G\u00e9n\u00e9rale du B\u00e2timent\"},\"image\":{\"@id\":\"https:\\\/\\\/sam-bat.fr\\\/#\\\/schema\\\/logo\\\/image\\\/\"}}]}<\/script>\n<!-- \/ Yoast SEO plugin. -->","yoast_head_json":{"title":"Services - Entreprise G\u00e9n\u00e9rale du B\u00e2timent","robots":{"index":"index","follow":"follow","max-snippet":"max-snippet:-1","max-image-preview":"max-image-preview:large","max-video-preview":"max-video-preview:-1"},"canonical":"https:\/\/sam-bat.fr\/?page_id=181","og_locale":"fr_FR","og_type":"article","og_title":"Services - Entreprise G\u00e9n\u00e9rale du B\u00e2timent","og_url":"https:\/\/sam-bat.fr\/?page_id=181","og_site_name":"Entreprise G\u00e9n\u00e9rale du B\u00e2timent","article_modified_time":"2024-08-02T09:13:02+00:00","twitter_card":"summary_large_image","schema":{"@context":"https:\/\/schema.org","@graph":[{"@type":"WebPage","@id":"https:\/\/sam-bat.fr\/?page_id=181","url":"https:\/\/sam-bat.fr\/?page_id=181","name":"Services - Entreprise G\u00e9n\u00e9rale du B\u00e2timent","isPartOf":{"@id":"https:\/\/sam-bat.fr\/#website"},"datePublished":"2024-08-01T13:46:30+00:00","dateModified":"2024-08-02T09:13:02+00:00","breadcrumb":{"@id":"https:\/\/sam-bat.fr\/?page_id=181#breadcrumb"},"inLanguage":"fr-FR","potentialAction":[{"@type":"ReadAction","target":["https:\/\/sam-bat.fr\/?page_id=181"]}]},{"@type":"BreadcrumbList","@id":"https:\/\/sam-bat.fr\/?page_id=181#breadcrumb","itemListElement":[{"@type":"ListItem","position":1,"name":"Accueil","item":"https:\/\/sam-bat.fr\/"},{"@type":"ListItem","position":2,"name":"Services"}]},{"@type":"WebSite","@id":"https:\/\/sam-bat.fr\/#website","url":"https:\/\/sam-bat.fr\/","name":"Entreprise G\u00e9n\u00e9rale du B\u00e2timent","description":"","publisher":{"@id":"https:\/\/sam-bat.fr\/#organization"},"potentialAction":[{"@type":"SearchAction","target":{"@type":"EntryPoint","urlTemplate":"https:\/\/sam-bat.fr\/?s={search_term_string}"},"query-input":{"@type":"PropertyValueSpecification","valueRequired":true,"valueName":"search_term_string"}}],"inLanguage":"fr-FR"},{"@type":"Organization","@id":"https:\/\/sam-bat.fr\/#organization","name":"Entreprise G\u00e9n\u00e9rale du B\u00e2timent","url":"https:\/\/sam-bat.fr\/","logo":{"@type":"ImageObject","inLanguage":"fr-FR","@id":"https:\/\/sam-bat.fr\/#\/schema\/logo\/image\/","url":"https:\/\/sam-bat.fr\/wp-content\/uploads\/2024\/06\/logo_sam_bat_500.png","contentUrl":"https:\/\/sam-bat.fr\/wp-content\/uploads\/2024\/06\/logo_sam_bat_500.png","width":500,"height":159,"caption":"Entreprise G\u00e9n\u00e9rale du B\u00e2timent"},"image":{"@id":"https:\/\/sam-bat.fr\/#\/schema\/logo\/image\/"}}]}},"_links":{"self":[{"href":"https:\/\/sam-bat.fr\/index.php?rest_route=\/wp\/v2\/pages\/181","targetHints":{"allow":["GET"]}}],"collection":[{"href":"https:\/\/sam-bat.fr\/index.php?rest_route=\/wp\/v2\/pages"}],"about":[{"href":"https:\/\/sam-bat.fr\/index.php?rest_route=\/wp\/v2\/types\/page"}],"author":[{"embeddable":true,"href":"https:\/\/sam-bat.fr\/index.php?rest_route=\/wp\/v2\/users\/1"}],"replies":[{"embeddable":true,"href":"https:\/\/sam-bat.fr\/index.php?rest_route=%2Fwp%2Fv2%2Fcomments&post=181"}],"version-history":[{"count":2,"href":"https:\/\/sam-bat.fr\/index.php?rest_route=\/wp\/v2\/pages\/181\/revisions"}],"predecessor-version":[{"id":269,"href":"https:\/\/sam-bat.fr\/index.php?rest_route=\/wp\/v2\/pages\/181\/revisions\/269"}],"wp:attachment":[{"href":"https:\/\/sam-bat.fr\/index.php?rest_route=%2Fwp%2Fv2%2Fmedia&parent=181"}],"curies":[{"name":"wp","href":"https:\/\/api.w.org\/{rel}","templated":true}]}}