{"id":190,"date":"2024-08-01T15:53:39","date_gmt":"2024-08-01T13:53:39","guid":{"rendered":"https:\/\/sam-bat.fr\/?page_id=190"},"modified":"2024-09-25T00:05:27","modified_gmt":"2024-09-24T22:05:27","slug":"contact","status":"publish","type":"page","link":"https:\/\/sam-bat.fr\/?page_id=190","title":{"rendered":"Contact"},"content":{"rendered":"\n<p>Nous serions ravis de discuter de vos projets et de r\u00e9pondre \u00e0 toutes vos questions. N&rsquo;h\u00e9sitez pas \u00e0 nous contacter par les moyens suivants :<\/p>\n\n\n\n<p><strong>T\u00e9l\u00e9phone :<\/strong><br>Appelez-nous au <a href=\"tel:06.45.28.13.35\">06.45.28.13.35<\/a> pour une assistance imm\u00e9diate.<\/p>\n\n\n\n<p><strong>WhatsApp :<\/strong><br>Envoyez-nous un message sur <a href=\"https:\/\/wa.me\/33645281335\">WhatsApp au 06.45.28.13.35<\/a> pour une communication rapide et conviviale.<\/p>\n\n\n\n<p><strong>Email :<\/strong><br>\u00c9crivez-nous \u00e0 <a href=\"mailto:contact@sam-bat.fr\">contact@sam-bat.fr<\/a> et nous vous r\u00e9pondrons dans les plus brefs d\u00e9lais.<\/p>\n\n\n\n<p>Chez Sam-Bat, nous sommes toujours disponibles pour vous aider et r\u00e9pondre \u00e0 vos besoins. Nous attendons avec impatience de vous entendre !<\/p>\n\n\n<div class=\"wp-block-image\">\n<figure class=\"aligncenter size-large is-resized\"><img  title=\"\" loading=\"lazy\" decoding=\"async\" width=\"766\" height=\"1024\" src=\"https:\/\/sam-bat.fr\/wp-content\/uploads\/2024\/09\/QR_sam-bat_blanc-766x1024.png\"  alt=\"QR_sam-bat_blanc-766x1024 Contact\"  class=\"wp-image-309\" style=\"width:381px;height:auto\" srcset=\"https:\/\/sam-bat.fr\/wp-content\/uploads\/2024\/09\/QR_sam-bat_blanc-766x1024.png 766w, https:\/\/sam-bat.fr\/wp-content\/uploads\/2024\/09\/QR_sam-bat_blanc-224x300.png 224w, https:\/\/sam-bat.fr\/wp-content\/uploads\/2024\/09\/QR_sam-bat_blanc-768x1027.png 768w, https:\/\/sam-bat.fr\/wp-content\/uploads\/2024\/09\/QR_sam-bat_blanc-1149x1536.png 1149w, https:\/\/sam-bat.fr\/wp-content\/uploads\/2024\/09\/QR_sam-bat_blanc.png 1170w\" sizes=\"auto, (max-width: 766px) 100vw, 766px\" \/><\/figure>\n<\/div>","protected":false},"excerpt":{"rendered":"<p>Nous serions ravis de discuter de vos projets et de r\u00e9pondre \u00e0 toutes vos questions. N&rsquo;h\u00e9sitez pas \u00e0 nous contacter par les moyens suivants : T\u00e9l\u00e9phone :Appelez-nous au 06.45.28.13.35 pour une assistance imm\u00e9diate. WhatsApp :Envoyez-nous un message sur WhatsApp au 06.45.28.13.35 pour une communication rapide et conviviale. Email :\u00c9crivez-nous \u00e0 contact@sam-bat.fr et nous vous r\u00e9pondrons [&hellip;]<\/p>\n","protected":false},"author":1,"featured_media":0,"parent":0,"menu_order":0,"comment_status":"closed","ping_status":"closed","template":"","meta":{"footnotes":""},"class_list":["post-190","page","type-page","status-publish","hentry"],"yoast_head":"<!-- This site is optimized with the Yoast SEO plugin v27.4 - https:\/\/yoast.com\/product\/yoast-seo-wordpress\/ -->\n<title>Contact - Entreprise G\u00e9n\u00e9rale du B\u00e2timent<\/title>\n<meta name=\"description\" content=\"Contactez Sam-Bat pour toutes vos questions et projets. T\u00e9l\u00e9phone, WhatsApp, et email pour une communication rapide et conviviale. Nous sommes l\u00e0 pour vous aider !\" \/>\n<meta name=\"robots\" content=\"index, follow, max-snippet:-1, max-image-preview:large, max-video-preview:-1\" \/>\n<link rel=\"canonical\" href=\"https:\/\/sam-bat.fr\/?page_id=190\" \/>\n<meta property=\"og:locale\" content=\"fr_FR\" \/>\n<meta property=\"og:type\" content=\"article\" \/>\n<meta property=\"og:title\" content=\"Contact - Entreprise G\u00e9n\u00e9rale du B\u00e2timent\" \/>\n<meta property=\"og:description\" content=\"Contactez Sam-Bat pour toutes vos questions et projets. T\u00e9l\u00e9phone, WhatsApp, et email pour une communication rapide et conviviale. Nous sommes l\u00e0 pour vous aider !\" \/>\n<meta property=\"og:url\" content=\"https:\/\/sam-bat.fr\/?page_id=190\" \/>\n<meta property=\"og:site_name\" content=\"Entreprise G\u00e9n\u00e9rale du B\u00e2timent\" \/>\n<meta property=\"article:modified_time\" content=\"2024-09-24T22:05:27+00:00\" \/>\n<meta property=\"og:image\" content=\"https:\/\/sam-bat.fr\/wp-content\/uploads\/2024\/09\/QR_sam-bat_blanc-766x1024.png\" \/>\n<meta name=\"twitter:card\" content=\"summary_large_image\" \/>\n<meta name=\"twitter:label1\" content=\"Dur\u00e9e de lecture estim\u00e9e\" \/>\n\t<meta name=\"twitter:data1\" content=\"1 minute\" \/>\n<script type=\"application\/ld+json\" class=\"yoast-schema-graph\">{\"@context\":\"https:\\\/\\\/schema.org\",\"@graph\":[{\"@type\":\"WebPage\",\"@id\":\"https:\\\/\\\/sam-bat.fr\\\/?page_id=190\",\"url\":\"https:\\\/\\\/sam-bat.fr\\\/?page_id=190\",\"name\":\"Contact - Entreprise G\u00e9n\u00e9rale du B\u00e2timent\",\"isPartOf\":{\"@id\":\"https:\\\/\\\/sam-bat.fr\\\/#website\"},\"primaryImageOfPage\":{\"@id\":\"https:\\\/\\\/sam-bat.fr\\\/?page_id=190#primaryimage\"},\"image\":{\"@id\":\"https:\\\/\\\/sam-bat.fr\\\/?page_id=190#primaryimage\"},\"thumbnailUrl\":\"https:\\\/\\\/sam-bat.fr\\\/wp-content\\\/uploads\\\/2024\\\/09\\\/QR_sam-bat_blanc-766x1024.png\",\"datePublished\":\"2024-08-01T13:53:39+00:00\",\"dateModified\":\"2024-09-24T22:05:27+00:00\",\"description\":\"Contactez Sam-Bat pour toutes vos questions et projets. T\u00e9l\u00e9phone, WhatsApp, et email pour une communication rapide et conviviale. Nous sommes l\u00e0 pour vous aider !\",\"breadcrumb\":{\"@id\":\"https:\\\/\\\/sam-bat.fr\\\/?page_id=190#breadcrumb\"},\"inLanguage\":\"fr-FR\",\"potentialAction\":[{\"@type\":\"ReadAction\",\"target\":[\"https:\\\/\\\/sam-bat.fr\\\/?page_id=190\"]}]},{\"@type\":\"ImageObject\",\"inLanguage\":\"fr-FR\",\"@id\":\"https:\\\/\\\/sam-bat.fr\\\/?page_id=190#primaryimage\",\"url\":\"https:\\\/\\\/sam-bat.fr\\\/wp-content\\\/uploads\\\/2024\\\/09\\\/QR_sam-bat_blanc.png\",\"contentUrl\":\"https:\\\/\\\/sam-bat.fr\\\/wp-content\\\/uploads\\\/2024\\\/09\\\/QR_sam-bat_blanc.png\",\"width\":1170,\"height\":1564},{\"@type\":\"BreadcrumbList\",\"@id\":\"https:\\\/\\\/sam-bat.fr\\\/?page_id=190#breadcrumb\",\"itemListElement\":[{\"@type\":\"ListItem\",\"position\":1,\"name\":\"Accueil\",\"item\":\"https:\\\/\\\/sam-bat.fr\\\/\"},{\"@type\":\"ListItem\",\"position\":2,\"name\":\"Contact\"}]},{\"@type\":\"WebSite\",\"@id\":\"https:\\\/\\\/sam-bat.fr\\\/#website\",\"url\":\"https:\\\/\\\/sam-bat.fr\\\/\",\"name\":\"Entreprise G\u00e9n\u00e9rale du B\u00e2timent\",\"description\":\"\",\"publisher\":{\"@id\":\"https:\\\/\\\/sam-bat.fr\\\/#organization\"},\"potentialAction\":[{\"@type\":\"SearchAction\",\"target\":{\"@type\":\"EntryPoint\",\"urlTemplate\":\"https:\\\/\\\/sam-bat.fr\\\/?s={search_term_string}\"},\"query-input\":{\"@type\":\"PropertyValueSpecification\",\"valueRequired\":true,\"valueName\":\"search_term_string\"}}],\"inLanguage\":\"fr-FR\"},{\"@type\":\"Organization\",\"@id\":\"https:\\\/\\\/sam-bat.fr\\\/#organization\",\"name\":\"Entreprise G\u00e9n\u00e9rale du B\u00e2timent\",\"url\":\"https:\\\/\\\/sam-bat.fr\\\/\",\"logo\":{\"@type\":\"ImageObject\",\"inLanguage\":\"fr-FR\",\"@id\":\"https:\\\/\\\/sam-bat.fr\\\/#\\\/schema\\\/logo\\\/image\\\/\",\"url\":\"https:\\\/\\\/sam-bat.fr\\\/wp-content\\\/uploads\\\/2024\\\/06\\\/logo_sam_bat_500.png\",\"contentUrl\":\"https:\\\/\\\/sam-bat.fr\\\/wp-content\\\/uploads\\\/2024\\\/06\\\/logo_sam_bat_500.png\",\"width\":500,\"height\":159,\"caption\":\"Entreprise G\u00e9n\u00e9rale du B\u00e2timent\"},\"image\":{\"@id\":\"https:\\\/\\\/sam-bat.fr\\\/#\\\/schema\\\/logo\\\/image\\\/\"}}]}<\/script>\n<!-- \/ Yoast SEO plugin. -->","yoast_head_json":{"title":"Contact - Entreprise G\u00e9n\u00e9rale du B\u00e2timent","description":"Contactez Sam-Bat pour toutes vos questions et projets. T\u00e9l\u00e9phone, WhatsApp, et email pour une communication rapide et conviviale. Nous sommes l\u00e0 pour vous aider !","robots":{"index":"index","follow":"follow","max-snippet":"max-snippet:-1","max-image-preview":"max-image-preview:large","max-video-preview":"max-video-preview:-1"},"canonical":"https:\/\/sam-bat.fr\/?page_id=190","og_locale":"fr_FR","og_type":"article","og_title":"Contact - Entreprise G\u00e9n\u00e9rale du B\u00e2timent","og_description":"Contactez Sam-Bat pour toutes vos questions et projets. T\u00e9l\u00e9phone, WhatsApp, et email pour une communication rapide et conviviale. Nous sommes l\u00e0 pour vous aider !","og_url":"https:\/\/sam-bat.fr\/?page_id=190","og_site_name":"Entreprise G\u00e9n\u00e9rale du B\u00e2timent","article_modified_time":"2024-09-24T22:05:27+00:00","og_image":[{"url":"https:\/\/sam-bat.fr\/wp-content\/uploads\/2024\/09\/QR_sam-bat_blanc-766x1024.png","type":"","width":"","height":""}],"twitter_card":"summary_large_image","twitter_misc":{"Dur\u00e9e de lecture estim\u00e9e":"1 minute"},"schema":{"@context":"https:\/\/schema.org","@graph":[{"@type":"WebPage","@id":"https:\/\/sam-bat.fr\/?page_id=190","url":"https:\/\/sam-bat.fr\/?page_id=190","name":"Contact - Entreprise G\u00e9n\u00e9rale du B\u00e2timent","isPartOf":{"@id":"https:\/\/sam-bat.fr\/#website"},"primaryImageOfPage":{"@id":"https:\/\/sam-bat.fr\/?page_id=190#primaryimage"},"image":{"@id":"https:\/\/sam-bat.fr\/?page_id=190#primaryimage"},"thumbnailUrl":"https:\/\/sam-bat.fr\/wp-content\/uploads\/2024\/09\/QR_sam-bat_blanc-766x1024.png","datePublished":"2024-08-01T13:53:39+00:00","dateModified":"2024-09-24T22:05:27+00:00","description":"Contactez Sam-Bat pour toutes vos questions et projets. T\u00e9l\u00e9phone, WhatsApp, et email pour une communication rapide et conviviale. Nous sommes l\u00e0 pour vous aider !","breadcrumb":{"@id":"https:\/\/sam-bat.fr\/?page_id=190#breadcrumb"},"inLanguage":"fr-FR","potentialAction":[{"@type":"ReadAction","target":["https:\/\/sam-bat.fr\/?page_id=190"]}]},{"@type":"ImageObject","inLanguage":"fr-FR","@id":"https:\/\/sam-bat.fr\/?page_id=190#primaryimage","url":"https:\/\/sam-bat.fr\/wp-content\/uploads\/2024\/09\/QR_sam-bat_blanc.png","contentUrl":"https:\/\/sam-bat.fr\/wp-content\/uploads\/2024\/09\/QR_sam-bat_blanc.png","width":1170,"height":1564},{"@type":"BreadcrumbList","@id":"https:\/\/sam-bat.fr\/?page_id=190#breadcrumb","itemListElement":[{"@type":"ListItem","position":1,"name":"Accueil","item":"https:\/\/sam-bat.fr\/"},{"@type":"ListItem","position":2,"name":"Contact"}]},{"@type":"WebSite","@id":"https:\/\/sam-bat.fr\/#website","url":"https:\/\/sam-bat.fr\/","name":"Entreprise G\u00e9n\u00e9rale du B\u00e2timent","description":"","publisher":{"@id":"https:\/\/sam-bat.fr\/#organization"},"potentialAction":[{"@type":"SearchAction","target":{"@type":"EntryPoint","urlTemplate":"https:\/\/sam-bat.fr\/?s={search_term_string}"},"query-input":{"@type":"PropertyValueSpecification","valueRequired":true,"valueName":"search_term_string"}}],"inLanguage":"fr-FR"},{"@type":"Organization","@id":"https:\/\/sam-bat.fr\/#organization","name":"Entreprise G\u00e9n\u00e9rale du B\u00e2timent","url":"https:\/\/sam-bat.fr\/","logo":{"@type":"ImageObject","inLanguage":"fr-FR","@id":"https:\/\/sam-bat.fr\/#\/schema\/logo\/image\/","url":"https:\/\/sam-bat.fr\/wp-content\/uploads\/2024\/06\/logo_sam_bat_500.png","contentUrl":"https:\/\/sam-bat.fr\/wp-content\/uploads\/2024\/06\/logo_sam_bat_500.png","width":500,"height":159,"caption":"Entreprise G\u00e9n\u00e9rale du B\u00e2timent"},"image":{"@id":"https:\/\/sam-bat.fr\/#\/schema\/logo\/image\/"}}]}},"_links":{"self":[{"href":"https:\/\/sam-bat.fr\/index.php?rest_route=\/wp\/v2\/pages\/190","targetHints":{"allow":["GET"]}}],"collection":[{"href":"https:\/\/sam-bat.fr\/index.php?rest_route=\/wp\/v2\/pages"}],"about":[{"href":"https:\/\/sam-bat.fr\/index.php?rest_route=\/wp\/v2\/types\/page"}],"author":[{"embeddable":true,"href":"https:\/\/sam-bat.fr\/index.php?rest_route=\/wp\/v2\/users\/1"}],"replies":[{"embeddable":true,"href":"https:\/\/sam-bat.fr\/index.php?rest_route=%2Fwp%2Fv2%2Fcomments&post=190"}],"version-history":[{"count":9,"href":"https:\/\/sam-bat.fr\/index.php?rest_route=\/wp\/v2\/pages\/190\/revisions"}],"predecessor-version":[{"id":312,"href":"https:\/\/sam-bat.fr\/index.php?rest_route=\/wp\/v2\/pages\/190\/revisions\/312"}],"wp:attachment":[{"href":"https:\/\/sam-bat.fr\/index.php?rest_route=%2Fwp%2Fv2%2Fmedia&parent=190"}],"curies":[{"name":"wp","href":"https:\/\/api.w.org\/{rel}","templated":true}]}}